{"id":1710,"date":"2025-10-09T17:09:04","date_gmt":"2025-10-09T14:09:04","guid":{"rendered":"https:\/\/www.yetenekturk.com.tr\/?page_id=1710"},"modified":"2025-10-09T17:18:46","modified_gmt":"2025-10-09T14:18:46","slug":"sportif-yatkinlik-ve-yetenek-testleri","status":"publish","type":"page","link":"https:\/\/www.yetenekturk.com.tr\/tr\/sportif-yatkinlik-ve-yetenek-testleri\/","title":{"rendered":"Sportif Yatk\u0131nl\u0131k ve Yetenek Testleri"},"content":{"rendered":"<div data-elementor-type=\"wp-page\" data-elementor-id=\"1710\" class=\"elementor elementor-1710\">\n\t\t\t\t\t\t<section class=\"elementor-section elementor-top-section elementor-element elementor-element-ce8dceb elementor-section-content-middle elementor-section-boxed elementor-section-height-default elementor-section-height-default\" data-id=\"ce8dceb\" data-element_type=\"section\" data-e-type=\"section\" data-settings=\"{&quot;shape_divider_top&quot;:&quot;opacity-tilt&quot;}\">\n\t\t\t\t\t<div class=\"elementor-shape elementor-shape-top\" aria-hidden=\"true\" data-negative=\"false\">\n\t\t\t<svg xmlns=\"http:\/\/www.w3.org\/2000\/svg\" viewbox=\"0 0 2600 131.1\" preserveaspectratio=\"none\">\n\t<path class=\"elementor-shape-fill\" d=\"M0 0L2600 0 2600 69.1 0 0z\"\/>\n\t<path class=\"elementor-shape-fill\" style=\"opacity:0.5\" d=\"M0 0L2600 0 2600 69.1 0 69.1z\"\/>\n\t<path class=\"elementor-shape-fill\" style=\"opacity:0.25\" d=\"M2600 0L0 0 0 130.1 2600 69.1z\"\/>\n<\/svg>\t\t<\/div>\n\t\t\t\t\t<div class=\"elementor-container elementor-column-gap-default\">\n\t\t\t\t\t<div class=\"elementor-column elementor-col-100 elementor-top-column elementor-element elementor-element-d85b8d6 elementor-invisible\" data-id=\"d85b8d6\" data-element_type=\"column\" data-e-type=\"column\" data-settings=\"{&quot;animation&quot;:&quot;fadeInLeft&quot;}\">\n\t\t\t<div class=\"elementor-widget-wrap elementor-element-populated\">\n\t\t\t\t\t\t<div class=\"elementor-element elementor-element-c155615 elementor-widget elementor-widget-arkid_heading\" data-id=\"c155615\" data-element_type=\"widget\" data-e-type=\"widget\" data-widget_type=\"arkid_heading.default\">\n\t\t\t\t<div class=\"elementor-widget-container\">\n\t\t\t\t\t\t\t<div id=\"wt-at-c155615\" class=\"headng-wrap center\">\r\n\t\t\t<div class=\"section-heading\">\r\n\t\t\t<h2 class=\"heading wow fade-in-up\" data-splitting=\"\">Sportif Yatk\u0131nl\u0131k ve Yetenek Testleri<\/h2>\t\t\t<\/div>\r\n\t\t<\/div>\r\n\t\t\t\t\t<\/div>\n\t\t\t\t<\/div>\n\t\t\t\t\t<\/div>\n\t\t<\/div>\n\t\t\t\t\t<\/div>\n\t\t<\/section>\n\t\t\t\t<section class=\"elementor-section elementor-top-section elementor-element elementor-element-9646eaf elementor-section-content-middle elementor-section-boxed elementor-section-height-default elementor-section-height-default\" data-id=\"9646eaf\" data-element_type=\"section\" data-e-type=\"section\" data-settings=\"{&quot;shape_divider_top&quot;:&quot;opacity-tilt&quot;}\">\n\t\t\t\t\t<div class=\"elementor-shape elementor-shape-top\" aria-hidden=\"true\" data-negative=\"false\">\n\t\t\t<svg xmlns=\"http:\/\/www.w3.org\/2000\/svg\" viewbox=\"0 0 2600 131.1\" preserveaspectratio=\"none\">\n\t<path class=\"elementor-shape-fill\" d=\"M0 0L2600 0 2600 69.1 0 0z\"\/>\n\t<path class=\"elementor-shape-fill\" style=\"opacity:0.5\" d=\"M0 0L2600 0 2600 69.1 0 69.1z\"\/>\n\t<path class=\"elementor-shape-fill\" style=\"opacity:0.25\" d=\"M2600 0L0 0 0 130.1 2600 69.1z\"\/>\n<\/svg>\t\t<\/div>\n\t\t\t\t\t<div class=\"elementor-container elementor-column-gap-default\">\n\t\t\t\t\t<div class=\"elementor-column elementor-col-50 elementor-top-column elementor-element elementor-element-7baf412 elementor-invisible\" data-id=\"7baf412\" data-element_type=\"column\" data-e-type=\"column\" data-settings=\"{&quot;animation&quot;:&quot;fadeInRight&quot;,&quot;animation_delay&quot;:300}\">\n\t\t\t<div class=\"elementor-widget-wrap elementor-element-populated\">\n\t\t\t\t\t\t<div class=\"elementor-element elementor-element-d5a0927 elementor-widget elementor-widget-image\" data-id=\"d5a0927\" data-element_type=\"widget\" data-e-type=\"widget\" data-widget_type=\"image.default\">\n\t\t\t\t<div class=\"elementor-widget-container\">\n\t\t\t\t\t\t\t\t\t\t\t\t\t\t\t<img fetchpriority=\"high\" decoding=\"async\" width=\"825\" height=\"810\" src=\"https:\/\/www.yetenekturk.com.tr\/wp-content\/uploads\/2025\/10\/sportif-1024x1005.jpg\" class=\"attachment-large size-large wp-image-1712\" alt=\"\" srcset=\"https:\/\/www.yetenekturk.com.tr\/wp-content\/uploads\/2025\/10\/sportif-1024x1005.jpg 1024w, https:\/\/www.yetenekturk.com.tr\/wp-content\/uploads\/2025\/10\/sportif-300x294.jpg 300w, https:\/\/www.yetenekturk.com.tr\/wp-content\/uploads\/2025\/10\/sportif-768x754.jpg 768w, https:\/\/www.yetenekturk.com.tr\/wp-content\/uploads\/2025\/10\/sportif-12x12.jpg 12w, https:\/\/www.yetenekturk.com.tr\/wp-content\/uploads\/2025\/10\/sportif.jpg 1080w\" sizes=\"(max-width: 825px) 100vw, 825px\" \/>\t\t\t\t\t\t\t\t\t\t\t\t\t\t\t<\/div>\n\t\t\t\t<\/div>\n\t\t\t\t\t<\/div>\n\t\t<\/div>\n\t\t\t\t<div class=\"elementor-column elementor-col-50 elementor-top-column elementor-element elementor-element-9ee8986 elementor-invisible\" data-id=\"9ee8986\" data-element_type=\"column\" data-e-type=\"column\" data-settings=\"{&quot;animation&quot;:&quot;fadeInLeft&quot;}\">\n\t\t\t<div class=\"elementor-widget-wrap elementor-element-populated\">\n\t\t\t\t\t\t<div class=\"elementor-element elementor-element-fc080b6 elementor-widget elementor-widget-arkid_heading\" data-id=\"fc080b6\" data-element_type=\"widget\" data-e-type=\"widget\" data-widget_type=\"arkid_heading.default\">\n\t\t\t\t<div class=\"elementor-widget-container\">\n\t\t\t\t\t\t\t<div id=\"wt-at-fc080b6\" class=\"headng-wrap left\">\r\n\t\t\t<div class=\"section-heading\">\r\n\t\t\t<h2 class=\"heading wow fade-in-up\" data-splitting=\"\">Ama\u00e7:<\/h2>\t\t\t<\/div>\r\n\t\t<\/div>\r\n\t\t\t\t\t<\/div>\n\t\t\t\t<\/div>\n\t\t\t\t<div class=\"elementor-element elementor-element-89a8cbd elementor-widget elementor-widget-text-editor\" data-id=\"89a8cbd\" data-element_type=\"widget\" data-e-type=\"widget\" data-widget_type=\"text-editor.default\">\n\t\t\t\t<div class=\"elementor-widget-container\">\n\t\t\t\t\t\t\t\t\t<p><strong>YETENEKT\u00dcRK;\u00a0\u00a0<\/strong>Sportif Yatk\u0131nl\u0131k ve Yetenek Testleri ile, 05-13 ya\u015f aras\u0131 \u00e7ocuklar\u0131n;<\/p><ul><li>\u00a0 Beden Kompozisyonlar\u0131n\u0131n ( v\u00fccud tiplerinin ) belirlenmesini,<\/li><li>Spor bran\u015flar\u0131na olan yatk\u0131nl\u0131klar\u0131n\u0131,<\/li><li>Motor Performanslar\u0131n\u0131,<\/li><li>Fiziksel Uygunluklar\u0131n\u0131,\u00a0 erken ya\u015flar da tespit etmek,<\/li><li>\u00c7ocuklar\u0131n fiziksel olarak uygun ve yeterli olduklar\u0131 spor bran\u015flar\u0131na y\u00f6nlendirilmelerini sa\u011flamak.<\/li><\/ul>\t\t\t\t\t\t\t\t<\/div>\n\t\t\t\t<\/div>\n\t\t\t\t<div class=\"elementor-element elementor-element-1845fcd elementor-widget elementor-widget-arkid_heading\" data-id=\"1845fcd\" data-element_type=\"widget\" data-e-type=\"widget\" data-widget_type=\"arkid_heading.default\">\n\t\t\t\t<div class=\"elementor-widget-container\">\n\t\t\t\t\t\t\t<div id=\"wt-at-1845fcd\" class=\"headng-wrap left\">\r\n\t\t\t<div class=\"section-heading\">\r\n\t\t\t<h2 class=\"heading wow fade-in-up\" data-splitting=\"\">Hedef:<\/h2>\t\t\t<\/div>\r\n\t\t<\/div>\r\n\t\t\t\t\t<\/div>\n\t\t\t\t<\/div>\n\t\t\t\t<div class=\"elementor-element elementor-element-9f80101 elementor-widget elementor-widget-text-editor\" data-id=\"9f80101\" data-element_type=\"widget\" data-e-type=\"widget\" data-widget_type=\"text-editor.default\">\n\t\t\t\t<div class=\"elementor-widget-container\">\n\t\t\t\t\t\t\t\t\t<ul><li style=\"list-style-type: none;\"><p>\u00c7ocuklar\u0131m\u0131z\u0131n;<\/p><\/li><li>Fiziksel yeterliliklerinin ve yatk\u0131nl\u0131klar\u0131n\u0131n, uygun oldu\u011fu spor bran\u015flar\u0131n\u0131 belirlemek.<\/li><li>Erken ya\u015fta spora ba\u015flamalar\u0131n\u0131 sa\u011flamak ve bu konuda ebevy bilinci olu\u015fturmak.<\/li><li>Fiziksel \u00f6zelliklerine uygun bran\u015flara y\u00f6nlendirilmelerini sa\u011flamak.<\/li><li style=\"list-style-type: none;\">\u00a0<\/li><\/ul>\t\t\t\t\t\t\t\t<\/div>\n\t\t\t\t<\/div>\n\t\t\t\t\t<\/div>\n\t\t<\/div>\n\t\t\t\t\t<\/div>\n\t\t<\/section>\n\t\t\t\t<section class=\"elementor-section elementor-top-section elementor-element elementor-element-17f033d elementor-section-content-middle elementor-section-boxed elementor-section-height-default elementor-section-height-default\" data-id=\"17f033d\" data-element_type=\"section\" data-e-type=\"section\" data-settings=\"{&quot;shape_divider_top&quot;:&quot;opacity-tilt&quot;}\">\n\t\t\t\t\t<div class=\"elementor-shape elementor-shape-top\" aria-hidden=\"true\" data-negative=\"false\">\n\t\t\t<svg xmlns=\"http:\/\/www.w3.org\/2000\/svg\" viewbox=\"0 0 2600 131.1\" preserveaspectratio=\"none\">\n\t<path class=\"elementor-shape-fill\" d=\"M0 0L2600 0 2600 69.1 0 0z\"\/>\n\t<path class=\"elementor-shape-fill\" style=\"opacity:0.5\" d=\"M0 0L2600 0 2600 69.1 0 69.1z\"\/>\n\t<path class=\"elementor-shape-fill\" style=\"opacity:0.25\" d=\"M2600 0L0 0 0 130.1 2600 69.1z\"\/>\n<\/svg>\t\t<\/div>\n\t\t\t\t\t<div class=\"elementor-container elementor-column-gap-default\">\n\t\t\t\t\t<div class=\"elementor-column elementor-col-50 elementor-top-column elementor-element elementor-element-d3339ee elementor-invisible\" data-id=\"d3339ee\" data-element_type=\"column\" data-e-type=\"column\" data-settings=\"{&quot;animation&quot;:&quot;fadeInLeft&quot;}\">\n\t\t\t<div class=\"elementor-widget-wrap elementor-element-populated\">\n\t\t\t\t\t\t<div class=\"elementor-element elementor-element-045962f elementor-widget elementor-widget-arkid_heading\" data-id=\"045962f\" data-element_type=\"widget\" data-e-type=\"widget\" data-widget_type=\"arkid_heading.default\">\n\t\t\t\t<div class=\"elementor-widget-container\">\n\t\t\t\t\t\t\t<div id=\"wt-at-045962f\" class=\"headng-wrap left\">\r\n\t\t\t<div class=\"section-heading\">\r\n\t\t\t<h2 class=\"heading wow fade-in-up\" data-splitting=\"\">Uygun olmad\u0131\u011f\u0131 bran\u015fta spor yapan gen\u00e7lerimizin ve ailelerin ya\u015fad\u0131\u011f\u0131 olumsuzluklar;<\/h2><p class=\"desc\">Sa\u011fl\u0131kl\u0131 geli\u015fim ve ya\u015fam i\u00e7in sporun insan fizyolojisindeki ve ruh sa\u011fl\u0131\u011f\u0131ndaki olumlu etkileri bilimsel bir ger\u00e7ektir. \u00c7ocu\u011fun ya\u015fam\u0131 boyunca sevece\u011fi ve Fiziksel olarak uygun oldu\u011fu spor bran\u015f\u0131n\u0131n belirlenmesi \u00e7ok \u00f6nemlidir. Fiziksel yatk\u0131nl\u0131\u011f\u0131n\u0131n uygun olmad\u0131\u011f\u0131 bran\u015fa y\u00f6nlendirilen \u00e7ocuk ve aile, ilerleyen s\u00fcre\u00e7te; motivasyon, derslerdeki ba\u015far\u0131 oran\u0131, aile ve arkada\u015fl\u0131k ili\u015fkileri ve maddi konularda ileride telafisi zor olumsuzluklar ve kay\u0131plar ya\u015famaktad\u0131r. Fiziksel olarak yatk\u0131n ve mutlu, olmad\u0131\u011f\u0131, zorland\u0131\u011f\u0131 bir bran\u015fta faaliyet g\u00f6steren \u00e7ocu\u011fun ya\u015fad\u0131\u011f\u0131 bu olumsuzluklar, ileride ki akademik ve sosyal hayat\u0131n\u0131 bile olumsuz olarak etkilemektedir.<\/p>\t\t\t<\/div>\r\n\t\t<\/div>\r\n\t\t\t\t\t<\/div>\n\t\t\t\t<\/div>\n\t\t\t\t\t<\/div>\n\t\t<\/div>\n\t\t\t\t<div class=\"elementor-column elementor-col-50 elementor-top-column elementor-element elementor-element-0bd65e9 elementor-hidden-tablet elementor-hidden-mobile elementor-invisible\" data-id=\"0bd65e9\" data-element_type=\"column\" data-e-type=\"column\" data-settings=\"{&quot;animation&quot;:&quot;fadeInRight&quot;,&quot;animation_delay&quot;:300}\">\n\t\t\t<div class=\"elementor-widget-wrap elementor-element-populated\">\n\t\t\t\t\t\t<div class=\"elementor-element elementor-element-acc6116 elementor-widget elementor-widget-image\" data-id=\"acc6116\" data-element_type=\"widget\" data-e-type=\"widget\" data-widget_type=\"image.default\">\n\t\t\t\t<div class=\"elementor-widget-container\">\n\t\t\t\t\t\t\t\t\t\t\t\t\t\t\t<img decoding=\"async\" width=\"630\" height=\"1024\" src=\"https:\/\/www.yetenekturk.com.tr\/wp-content\/uploads\/2025\/10\/sport-630x1024.jpg\" class=\"attachment-large size-large wp-image-1713\" alt=\"\" srcset=\"https:\/\/www.yetenekturk.com.tr\/wp-content\/uploads\/2025\/10\/sport-630x1024.jpg 630w, https:\/\/www.yetenekturk.com.tr\/wp-content\/uploads\/2025\/10\/sport-185x300.jpg 185w, https:\/\/www.yetenekturk.com.tr\/wp-content\/uploads\/2025\/10\/sport-768x1248.jpg 768w, https:\/\/www.yetenekturk.com.tr\/wp-content\/uploads\/2025\/10\/sport-7x12.jpg 7w, https:\/\/www.yetenekturk.com.tr\/wp-content\/uploads\/2025\/10\/sport.jpg 908w\" sizes=\"(max-width: 630px) 100vw, 630px\" \/>\t\t\t\t\t\t\t\t\t\t\t\t\t\t\t<\/div>\n\t\t\t\t<\/div>\n\t\t\t\t\t<\/div>\n\t\t<\/div>\n\t\t\t\t\t<\/div>\n\t\t<\/section>\n\t\t\t\t<section class=\"elementor-section elementor-top-section elementor-element elementor-element-8651bd0 elementor-section-content-middle elementor-section-boxed elementor-section-height-default elementor-section-height-default\" data-id=\"8651bd0\" data-element_type=\"section\" data-e-type=\"section\" data-settings=\"{&quot;shape_divider_top&quot;:&quot;opacity-tilt&quot;}\">\n\t\t\t\t\t<div class=\"elementor-shape elementor-shape-top\" aria-hidden=\"true\" data-negative=\"false\">\n\t\t\t<svg xmlns=\"http:\/\/www.w3.org\/2000\/svg\" viewbox=\"0 0 2600 131.1\" preserveaspectratio=\"none\">\n\t<path class=\"elementor-shape-fill\" d=\"M0 0L2600 0 2600 69.1 0 0z\"\/>\n\t<path class=\"elementor-shape-fill\" style=\"opacity:0.5\" d=\"M0 0L2600 0 2600 69.1 0 69.1z\"\/>\n\t<path class=\"elementor-shape-fill\" style=\"opacity:0.25\" d=\"M2600 0L0 0 0 130.1 2600 69.1z\"\/>\n<\/svg>\t\t<\/div>\n\t\t\t\t\t<div class=\"elementor-container elementor-column-gap-default\">\n\t\t\t\t\t<div class=\"elementor-column elementor-col-50 elementor-top-column elementor-element elementor-element-96057be elementor-invisible\" data-id=\"96057be\" data-element_type=\"column\" data-e-type=\"column\" data-settings=\"{&quot;animation&quot;:&quot;fadeInRight&quot;,&quot;animation_delay&quot;:300}\">\n\t\t\t<div class=\"elementor-widget-wrap elementor-element-populated\">\n\t\t\t\t\t\t<div class=\"elementor-element elementor-element-3057b5c elementor-widget elementor-widget-image\" data-id=\"3057b5c\" data-element_type=\"widget\" data-e-type=\"widget\" data-widget_type=\"image.default\">\n\t\t\t\t<div class=\"elementor-widget-container\">\n\t\t\t\t\t\t\t\t\t\t\t\t\t\t\t<img decoding=\"async\" width=\"473\" height=\"1024\" src=\"https:\/\/www.yetenekturk.com.tr\/wp-content\/uploads\/2025\/10\/sport3-473x1024.jpg\" class=\"attachment-large size-large wp-image-1714\" alt=\"\" srcset=\"https:\/\/www.yetenekturk.com.tr\/wp-content\/uploads\/2025\/10\/sport3-473x1024.jpg 473w, https:\/\/www.yetenekturk.com.tr\/wp-content\/uploads\/2025\/10\/sport3-139x300.jpg 139w, https:\/\/www.yetenekturk.com.tr\/wp-content\/uploads\/2025\/10\/sport3-768x1663.jpg 768w, https:\/\/www.yetenekturk.com.tr\/wp-content\/uploads\/2025\/10\/sport3-709x1536.jpg 709w, https:\/\/www.yetenekturk.com.tr\/wp-content\/uploads\/2025\/10\/sport3-946x2048.jpg 946w, https:\/\/www.yetenekturk.com.tr\/wp-content\/uploads\/2025\/10\/sport3-6x12.jpg 6w, https:\/\/www.yetenekturk.com.tr\/wp-content\/uploads\/2025\/10\/sport3.jpg 1182w\" sizes=\"(max-width: 473px) 100vw, 473px\" \/>\t\t\t\t\t\t\t\t\t\t\t\t\t\t\t<\/div>\n\t\t\t\t<\/div>\n\t\t\t\t\t<\/div>\n\t\t<\/div>\n\t\t\t\t<div class=\"elementor-column elementor-col-50 elementor-top-column elementor-element elementor-element-218d543 elementor-invisible\" data-id=\"218d543\" data-element_type=\"column\" data-e-type=\"column\" data-settings=\"{&quot;animation&quot;:&quot;fadeInLeft&quot;}\">\n\t\t\t<div class=\"elementor-widget-wrap elementor-element-populated\">\n\t\t\t\t\t\t<div class=\"elementor-element elementor-element-456c03c elementor-widget elementor-widget-arkid_heading\" data-id=\"456c03c\" data-element_type=\"widget\" data-e-type=\"widget\" data-widget_type=\"arkid_heading.default\">\n\t\t\t\t<div class=\"elementor-widget-container\">\n\t\t\t\t\t\t\t<div id=\"wt-at-456c03c\" class=\"headng-wrap left\">\r\n\t\t\t<div class=\"section-heading\">\r\n\t\t\t<h2 class=\"heading wow fade-in-up\" data-splitting=\"\">Fizyolojik ve Kinantropometrik Fakt\u00f6rlere G\u00f6re Bran\u015f Tavsiyeleri Verilmesi<\/h2><p class=\"desc\">Kinatropometri nedir? Kinatropometri, insan v\u00fccudunun b\u00fcy\u00fckl\u00fc\u011f\u00fc, yap\u0131s\u0131 ve \u015fekli ile bu \u00f6zelliklerin insan hareketi ve sportif performans ile nas\u0131l ili\u015fkili oldu\u011funu incelemesini ama\u00e7lamaktad\u0131r. Yetenek dura\u011fan olarak kavramsalla\u015ft\u0131r\u0131lmas\u0131na ra\u011fmen, \u00e7ocuklar dura\u011fan olmayan de\u011fi\u015fkenler \u00fczerinden de\u011ferlendirilmektedir. Dinamik (bir \u00e7ocu\u011fun gerekli bile\u015fenlere ili\u015fkin profili zaman i\u00e7inde de\u011fi\u015fir) hem de \u00e7ok boyutlu yetene\u011fin do\u011fas\u0131 (optimum bir fiziksel profil \u00e7ocu\u011fun ba\u015far\u0131l\u0131 bir performans\u00e7\u0131 olma kapasitesine sahip oldu\u011funu garanti etmez). Fiziksel okuryazarl\u0131k terimi; Beden e\u011fitiminin \u00fc\u00e7 alan\u0131n\u0131 (psikomotor, bili\u015fsel ve duyu\u015fsal) kapsar ve sadece fiziksel yeterlilik ve bilgiyi de\u011fil, ayn\u0131 zamanda kat\u0131l\u0131m i\u00e7in gereken tutumlar\u0131, motivasyonu ve sosyal ve psikolojik becerileri de dikkate al\u0131r.\n\nYETENEKT\u00dcRK taraf\u0131ndan g\u00fcncel spor bilimleri literat\u00fcr\u00fcne ve istatistiksel metodolojiye uygun bir yakla\u015f\u0131mla geni\u015f bir de\u011ferlendirme yelpazesinde sporcunun fizyolojik, morfolojik ve kinantropometrik \u00f6zellikleri performans bile\u015fenleri ile birlikte de\u011ferlendirilerek bran\u015f yatk\u0131nl\u0131klar\u0131 y\u00fczdelik olarak belirlenmektedir.\nBu kapsam da testlerden elde edilen veriler;\n\nPrefit Test Protokol\u00fc ( Okul \u00d6ncesi ya\u015flar i\u00e7in tasarlanm\u0131\u015ft\u0131r ) Amerikan Hastal\u0131k Kontrol ve \u00d6nleme Merkezleri ( Centers for Disease Control and Prevention-CDC), Amerikan Cooper Enstit\u00fcs\u00fc, Fitnessgram ve D\u00fcnya Sa\u011fl\u0131k \u00d6rg\u00fct\u00fc (WHO), EUROFIT, FITNESSGRAM, Olcay Neyzi Standartlar\u0131 ve SESAM ( T\u00fcrkiye Sporcu E\u011fitim ve Sa\u011fl\u0131k Ara\u015ft\u0131rma Merkezi )\n\nYETENEKT\u00dcRK BEST&amp;TESTLAB  verileri esas al\u0131narak de\u011ferlendirilmektedir<\/p>\t\t\t<\/div>\r\n\t\t<\/div>\r\n\t\t\t\t\t<\/div>\n\t\t\t\t<\/div>\n\t\t\t\t\t<\/div>\n\t\t<\/div>\n\t\t\t\t\t<\/div>\n\t\t<\/section>\n\t\t\t\t<\/div>","protected":false},"excerpt":{"rendered":"<p>Sportif Yatk\u0131nl\u0131k ve Yetenek Testleri Ama\u00e7: YETENEKT\u00dcRK;\u00a0\u00a0Sportif Yatk\u0131nl\u0131k ve Yetenek Testleri ile, 05-13 ya\u015f aras\u0131 \u00e7ocuklar\u0131n; \u00a0 Beden Kompozisyonlar\u0131n\u0131n ( v\u00fccud tiplerinin ) belirlenmesini, Spor bran\u015flar\u0131na olan yatk\u0131nl\u0131klar\u0131n\u0131, Motor Performanslar\u0131n\u0131, Fiziksel Uygunluklar\u0131n\u0131,\u00a0 erken ya\u015flar da tespit etmek, \u00c7ocuklar\u0131n fiziksel olarak uygun ve yeterli olduklar\u0131 spor bran\u015flar\u0131na y\u00f6nlendirilmelerini sa\u011flamak. Hedef: \u00c7ocuklar\u0131m\u0131z\u0131n; Fiziksel yeterliliklerinin ve yatk\u0131nl\u0131klar\u0131n\u0131n, uygun<\/p>","protected":false},"author":1,"featured_media":0,"parent":0,"menu_order":0,"comment_status":"closed","ping_status":"closed","template":"empty-template.php","meta":{"_acf_changed":false,"footnotes":""},"class_list":["post-1710","page","type-page","status-publish","hentry"],"acf":[],"jetpack_sharing_enabled":true,"_links":{"self":[{"href":"https:\/\/www.yetenekturk.com.tr\/tr\/wp-json\/wp\/v2\/pages\/1710","targetHints":{"allow":["GET"]}}],"collection":[{"href":"https:\/\/www.yetenekturk.com.tr\/tr\/wp-json\/wp\/v2\/pages"}],"about":[{"href":"https:\/\/www.yetenekturk.com.tr\/tr\/wp-json\/wp\/v2\/types\/page"}],"author":[{"embeddable":true,"href":"https:\/\/www.yetenekturk.com.tr\/tr\/wp-json\/wp\/v2\/users\/1"}],"replies":[{"embeddable":true,"href":"https:\/\/www.yetenekturk.com.tr\/tr\/wp-json\/wp\/v2\/comments?post=1710"}],"version-history":[{"count":7,"href":"https:\/\/www.yetenekturk.com.tr\/tr\/wp-json\/wp\/v2\/pages\/1710\/revisions"}],"predecessor-version":[{"id":1720,"href":"https:\/\/www.yetenekturk.com.tr\/tr\/wp-json\/wp\/v2\/pages\/1710\/revisions\/1720"}],"wp:attachment":[{"href":"https:\/\/www.yetenekturk.com.tr\/tr\/wp-json\/wp\/v2\/media?parent=1710"}],"curies":[{"name":"wp","href":"https:\/\/api.w.org\/{rel}","templated":true}]}}