{"id":1441,"date":"2024-09-12T19:23:06","date_gmt":"2024-09-12T19:23:06","guid":{"rendered":"https:\/\/wp.dynamiclayers.net\/arkid-importer\/?page_id=1441"},"modified":"2025-10-14T16:15:55","modified_gmt":"2025-10-14T13:15:55","slug":"hakkimizda","status":"publish","type":"page","link":"https:\/\/www.yetenekturk.com.tr\/tr\/hakkimizda\/","title":{"rendered":"Hakk\u0131m\u0131zda"},"content":{"rendered":"<div data-elementor-type=\"wp-page\" data-elementor-id=\"1441\" class=\"elementor elementor-1441\">\n\t\t\t\t\t\t<section class=\"elementor-section elementor-top-section elementor-element elementor-element-764251c elementor-section-content-middle elementor-section-boxed elementor-section-height-default elementor-section-height-default\" data-id=\"764251c\" data-element_type=\"section\" data-e-type=\"section\">\n\t\t\t\t\t\t<div class=\"elementor-container elementor-column-gap-default\">\n\t\t\t\t\t<div class=\"elementor-column elementor-col-50 elementor-top-column elementor-element elementor-element-0e8f802 elementor-invisible\" data-id=\"0e8f802\" data-element_type=\"column\" data-e-type=\"column\" data-settings=\"{&quot;animation&quot;:&quot;fadeInRight&quot;,&quot;animation_delay&quot;:300}\">\n\t\t\t<div class=\"elementor-widget-wrap elementor-element-populated\">\n\t\t\t\t\t\t<div class=\"elementor-element elementor-element-9cdf832 elementor-widget elementor-widget-image\" data-id=\"9cdf832\" data-element_type=\"widget\" data-e-type=\"widget\" data-widget_type=\"image.default\">\n\t\t\t\t<div class=\"elementor-widget-container\">\n\t\t\t\t\t\t\t\t\t\t\t\t\t\t\t<img fetchpriority=\"high\" decoding=\"async\" width=\"825\" height=\"806\" src=\"https:\/\/www.yetenekturk.com.tr\/wp-content\/uploads\/2025\/10\/11-1024x1000.jpeg\" class=\"attachment-large size-large wp-image-1737\" alt=\"\" srcset=\"https:\/\/www.yetenekturk.com.tr\/wp-content\/uploads\/2025\/10\/11-1024x1000.jpeg 1024w, https:\/\/www.yetenekturk.com.tr\/wp-content\/uploads\/2025\/10\/11-300x293.jpeg 300w, https:\/\/www.yetenekturk.com.tr\/wp-content\/uploads\/2025\/10\/11-768x750.jpeg 768w, https:\/\/www.yetenekturk.com.tr\/wp-content\/uploads\/2025\/10\/11-12x12.jpeg 12w, https:\/\/www.yetenekturk.com.tr\/wp-content\/uploads\/2025\/10\/11.jpeg 1080w\" sizes=\"(max-width: 825px) 100vw, 825px\" \/>\t\t\t\t\t\t\t\t\t\t\t\t\t\t\t<\/div>\n\t\t\t\t<\/div>\n\t\t\t\t\t<\/div>\n\t\t<\/div>\n\t\t\t\t<div class=\"elementor-column elementor-col-50 elementor-top-column elementor-element elementor-element-1958be6 elementor-invisible\" data-id=\"1958be6\" data-element_type=\"column\" data-e-type=\"column\" data-settings=\"{&quot;animation&quot;:&quot;fadeInLeft&quot;}\">\n\t\t\t<div class=\"elementor-widget-wrap elementor-element-populated\">\n\t\t\t\t\t\t<div class=\"elementor-element elementor-element-df8c796 elementor-widget elementor-widget-arkid_heading\" data-id=\"df8c796\" data-element_type=\"widget\" data-e-type=\"widget\" data-widget_type=\"arkid_heading.default\">\n\t\t\t\t<div class=\"elementor-widget-container\">\n\t\t\t\t\t\t\t<div id=\"wt-at-df8c796\" class=\"headng-wrap left\">\r\n\t\t\t<div class=\"section-heading\">\r\n\t\t\t<h2 class=\"heading wow fade-in-up\" data-splitting=\"\">Hakk\u0131m\u0131zda<\/h2><p class=\"desc\">YETENEKT\u00dcRK uygulad\u0131\u011f\u0131, \u201cATLET\u0130K PERFORMANS ve GEL\u0130\u015e\u0130M TAK\u0130P TESTLER\u0130\u201c  kapsam\u0131nda; \n\nKul\u00fcplerimiz de Spor yapan 5-20 ya\u015f aras\u0131 gen\u00e7lerimizin,\n\nBeden Kompozisyonlar\u0131n\u0131n Belirlenmesi, Motor Performanslar\u0131n\u0131n \u00d6l\u00e7\u00fcmlenmesi, Atletik Skor Geli\u015fim Y\u00fczdelerinin De\u011ferlendirilmesi ve her y\u0131l d\u00fczenli olarak yap\u0131lmas\u0131 gereken testlerle, b\u00fcy\u00fcmelerinin, olgunla\u015fmalar\u0131n\u0131n ve geli\u015fimlerinin takip edilmesini hedefleyen bir organizasyondur.\n\nBu kapsamda testlerden elde edilen veriler;\n\nPrefit Test Protokol\u00fc ( Okul \u00d6ncesi ya\u015flar i\u00e7in tasarlanm\u0131\u015ft\u0131r ) Amerikan Hastal\u0131k Kontrol ve \u00d6nleme Merkezleri (Centers for Disease Control and Prevention-CDC), Amerikan Cooper Enstit\u00fcs\u00fc, Fitnessgram ve D\u00fcnya Sa\u011fl\u0131k \u00d6rg\u00fct\u00fc (WHO), EUROFIT, FITNESSGRAM, Olcay Neyzi Standartlar\u0131 ve SESAM ( T\u00fcrkiye Sporcu E\u011fitim ve Sa\u011fl\u0131k Ara\u015ft\u0131rma Merkezi ) verileri esas al\u0131narak de\u011ferlendirilmektedir.\n\nYETENEKT\u00dcRK olarak uygulad\u0131\u011f\u0131m\u0131z testlerde, bug\u00fcne kadar Binlerce sporcumuzun testleri ba\u015far\u0131yla ger\u00e7ekle\u015ftirilmi\u015f ve B\u0130L\u0130MSEL SONU\u00c7 RAPORLARI teslim edilmi\u015ftir.        <\/p>\t\t\t<\/div>\r\n\t\t<\/div>\r\n\t\t\t\t\t<\/div>\n\t\t\t\t<\/div>\n\t\t\t\t\t<\/div>\n\t\t<\/div>\n\t\t\t\t\t<\/div>\n\t\t<\/section>\n\t\t\t\t<section class=\"elementor-section elementor-top-section elementor-element elementor-element-ce8dceb elementor-section-content-middle elementor-section-boxed elementor-section-height-default elementor-section-height-default\" data-id=\"ce8dceb\" data-element_type=\"section\" data-e-type=\"section\" data-settings=\"{&quot;shape_divider_top&quot;:&quot;opacity-tilt&quot;}\">\n\t\t\t\t\t<div class=\"elementor-shape elementor-shape-top\" aria-hidden=\"true\" data-negative=\"false\">\n\t\t\t<svg xmlns=\"http:\/\/www.w3.org\/2000\/svg\" viewbox=\"0 0 2600 131.1\" preserveaspectratio=\"none\">\n\t<path class=\"elementor-shape-fill\" d=\"M0 0L2600 0 2600 69.1 0 0z\"\/>\n\t<path class=\"elementor-shape-fill\" style=\"opacity:0.5\" d=\"M0 0L2600 0 2600 69.1 0 69.1z\"\/>\n\t<path class=\"elementor-shape-fill\" style=\"opacity:0.25\" d=\"M2600 0L0 0 0 130.1 2600 69.1z\"\/>\n<\/svg>\t\t<\/div>\n\t\t\t\t\t<div class=\"elementor-container elementor-column-gap-default\">\n\t\t\t\t\t<div class=\"elementor-column elementor-col-50 elementor-top-column elementor-element elementor-element-d85b8d6 elementor-invisible\" data-id=\"d85b8d6\" data-element_type=\"column\" data-e-type=\"column\" data-settings=\"{&quot;animation&quot;:&quot;fadeInLeft&quot;}\">\n\t\t\t<div class=\"elementor-widget-wrap elementor-element-populated\">\n\t\t\t\t\t\t<div class=\"elementor-element elementor-element-d039078 elementor-widget elementor-widget-arkid_heading\" data-id=\"d039078\" data-element_type=\"widget\" data-e-type=\"widget\" data-widget_type=\"arkid_heading.default\">\n\t\t\t\t<div class=\"elementor-widget-container\">\n\t\t\t\t\t\t\t<div id=\"wt-at-d039078\" class=\"headng-wrap left\">\r\n\t\t\t<div class=\"section-heading\">\r\n\t\t\t<h2 class=\"heading wow fade-in-up\" data-splitting=\"\">Amac\u0131m\u0131z<\/h2><p class=\"desc\">Spor yapan \u00e7ocuklar\u0131m\u0131z\u0131n say\u0131s\u0131n\u0131n artt\u0131r\u0131lmas\u0131na destek vererek; T\u00fcrk Sporunun geli\u015fimine,  Sporcular\u0131m\u0131z\u0131n fiziksel geli\u015fimlerinin takip edilmesine<br>ve sporun \u00f6nemine ili\u015fkin bilincin olu\u015fmas\u0131na katk\u0131 sa\u011flamakt\u0131r.<br \/><br \/>\n\nM. U\u011fur \u00c7ULHA - YETENEKT\u00dcRK Kurucusu<\/p>\t\t\t<\/div>\r\n\t\t<\/div>\r\n\t\t\t\t\t<\/div>\n\t\t\t\t<\/div>\n\t\t\t\t\t<\/div>\n\t\t<\/div>\n\t\t\t\t<div class=\"elementor-column elementor-col-50 elementor-top-column elementor-element elementor-element-c1bc199 elementor-invisible\" data-id=\"c1bc199\" data-element_type=\"column\" data-e-type=\"column\" data-settings=\"{&quot;animation&quot;:&quot;fadeInRight&quot;,&quot;animation_delay&quot;:300}\">\n\t\t\t<div class=\"elementor-widget-wrap elementor-element-populated\">\n\t\t\t\t\t\t<div class=\"elementor-element elementor-element-5815af5 elementor-widget elementor-widget-image\" data-id=\"5815af5\" data-element_type=\"widget\" data-e-type=\"widget\" data-widget_type=\"image.default\">\n\t\t\t\t<div class=\"elementor-widget-container\">\n\t\t\t\t\t\t\t\t\t\t\t\t\t\t\t<img decoding=\"async\" width=\"825\" height=\"411\" src=\"https:\/\/www.yetenekturk.com.tr\/wp-content\/uploads\/2025\/10\/about-1024x510.jpg\" class=\"attachment-large size-large wp-image-1686\" alt=\"\" srcset=\"https:\/\/www.yetenekturk.com.tr\/wp-content\/uploads\/2025\/10\/about-1024x510.jpg 1024w, https:\/\/www.yetenekturk.com.tr\/wp-content\/uploads\/2025\/10\/about-300x149.jpg 300w, https:\/\/www.yetenekturk.com.tr\/wp-content\/uploads\/2025\/10\/about-768x383.jpg 768w, https:\/\/www.yetenekturk.com.tr\/wp-content\/uploads\/2025\/10\/about-1536x765.jpg 1536w, https:\/\/www.yetenekturk.com.tr\/wp-content\/uploads\/2025\/10\/about-18x9.jpg 18w, https:\/\/www.yetenekturk.com.tr\/wp-content\/uploads\/2025\/10\/about.jpg 2048w\" sizes=\"(max-width: 825px) 100vw, 825px\" \/>\t\t\t\t\t\t\t\t\t\t\t\t\t\t\t<\/div>\n\t\t\t\t<\/div>\n\t\t\t\t\t<\/div>\n\t\t<\/div>\n\t\t\t\t\t<\/div>\n\t\t<\/section>\n\t\t\t\t<\/div>","protected":false},"excerpt":{"rendered":"<p>Hakk\u0131m\u0131zda YETENEKT\u00dcRK uygulad\u0131\u011f\u0131, \u201cATLET\u0130K PERFORMANS ve GEL\u0130\u015e\u0130M TAK\u0130P TESTLER\u0130\u201c kapsam\u0131nda; Kul\u00fcplerimiz de Spor yapan 5-20 ya\u015f aras\u0131 gen\u00e7lerimizin, Beden Kompozisyonlar\u0131n\u0131n Belirlenmesi, Motor Performanslar\u0131n\u0131n \u00d6l\u00e7\u00fcmlenmesi, Atletik Skor Geli\u015fim Y\u00fczdelerinin De\u011ferlendirilmesi ve her y\u0131l d\u00fczenli olarak yap\u0131lmas\u0131 gereken testlerle, b\u00fcy\u00fcmelerinin, olgunla\u015fmalar\u0131n\u0131n ve geli\u015fimlerinin takip edilmesini hedefleyen bir organizasyondur. Bu kapsamda testlerden elde edilen veriler; Prefit Test Protokol\u00fc<\/p>","protected":false},"author":1,"featured_media":0,"parent":0,"menu_order":0,"comment_status":"closed","ping_status":"closed","template":"empty-template.php","meta":{"_acf_changed":false,"footnotes":""},"class_list":["post-1441","page","type-page","status-publish","hentry"],"acf":[],"jetpack_sharing_enabled":true,"_links":{"self":[{"href":"https:\/\/www.yetenekturk.com.tr\/tr\/wp-json\/wp\/v2\/pages\/1441","targetHints":{"allow":["GET"]}}],"collection":[{"href":"https:\/\/www.yetenekturk.com.tr\/tr\/wp-json\/wp\/v2\/pages"}],"about":[{"href":"https:\/\/www.yetenekturk.com.tr\/tr\/wp-json\/wp\/v2\/types\/page"}],"author":[{"embeddable":true,"href":"https:\/\/www.yetenekturk.com.tr\/tr\/wp-json\/wp\/v2\/users\/1"}],"replies":[{"embeddable":true,"href":"https:\/\/www.yetenekturk.com.tr\/tr\/wp-json\/wp\/v2\/comments?post=1441"}],"version-history":[{"count":23,"href":"https:\/\/www.yetenekturk.com.tr\/tr\/wp-json\/wp\/v2\/pages\/1441\/revisions"}],"predecessor-version":[{"id":1795,"href":"https:\/\/www.yetenekturk.com.tr\/tr\/wp-json\/wp\/v2\/pages\/1441\/revisions\/1795"}],"wp:attachment":[{"href":"https:\/\/www.yetenekturk.com.tr\/tr\/wp-json\/wp\/v2\/media?parent=1441"}],"curies":[{"name":"wp","href":"https:\/\/api.w.org\/{rel}","templated":true}]}}